{"id":5,"date":"2016-03-22T10:28:26","date_gmt":"2016-03-22T09:28:26","guid":{"rendered":"http:\/\/gambrinus-mosel.de.92-51-129-199.artofpages.de\/?page_id=5"},"modified":"2021-10-23T16:44:23","modified_gmt":"2021-10-23T14:44:23","slug":"willkommen","status":"publish","type":"page","link":"https:\/\/gambrinus-mosel.de\/","title":{"rendered":"Willkommen"},"content":{"rendered":"<div class=\"fusion-one-full fusion-layout-column fusion-column-last fusion-spacing-yes\" style=\"margin-top:0px;margin-bottom:20px;\"><div class=\"fusion-column-wrapper\"><span class=\"fusion-imageframe imageframe-none imageframe-1 hover-type-none\"> <img decoding=\"async\" src=\"https:\/\/gambrinus-mosel.de\/wp-content\/uploads\/2017\/09\/Gambrinus_front.jpg\" alt=\"\" class=\"img-responsive\"\/><\/span><div class=\"fusion-clearfix\"><\/div><\/div><\/div><div class=\"fusion-clearfix\"><\/div><div class=\"fusion-one-full fusion-layout-column fusion-column-last fusion-spacing-yes\" style=\"margin-top:0px;margin-bottom:20px;\"><div class=\"fusion-column-wrapper\"><div class=\"fusion-title title fusion-title-center fusion-title-size-one\"><div class=\"title-sep-container title-sep-container-left\"><div class=\"title-sep sep-double sep-dotted\"><\/div><\/div><h1 class=\"title-heading-center\">\n<p style=\"text-align: center;\">Willkommen<\/p>\n<\/h1><div class=\"title-sep-container title-sep-container-right\"><div class=\"title-sep sep-double sep-dotted\"><\/div><\/div><\/div><div class=\"fusion-clearfix\"><\/div><\/div><\/div><div class=\"fusion-clearfix\"><\/div><div class=\"fusion-two-third fusion-layout-column fusion-spacing-yes\" style=\"margin-top:0px;margin-bottom:20px;\"><div class=\"fusion-column-wrapper\"><blockquote>\n<p>Sch\u00f6n, Sie als Gast in unserem Haus, &#8222;Gambrinus Mosel&#8220; begr\u00fc\u00dfen zu d\u00fcrfen.<\/p>\n<\/blockquote>\n<h2>Zur Geschichte unseres Gasthauses<\/h2>\n<p>Von 1933 bis 1956 besa\u00df <strong>Alfred Liebold<\/strong> das Gasthaus, welcher schon in den Jahren 1919 bis 1928 Besitzer war.<br \/>\nDer Gartenbetrieb erfolgte noch bis kurz vor dem 2. Weltkrieg.<br \/>\nSeine Frau <strong>Hildegard<\/strong> \u00fcbernahm bis 1976 die Bewirtschaftung.<br \/>\nDie Tochter der Familie <strong>Liebold, Chistine Heft<\/strong>, \u00fcbernahm dei Gastst\u00e4tte 1976 und f\u00fchrte sie bis 1987.<br \/>\nDanach gab es noch andere P\u00e4chter, bis unsere Familie am 19. April 1990 das Haus \u00fcbernahm und seit dem bewirtschaftet.<\/p>\n<p>Schlie\u00dflich ist noch erw\u00e4hnenswert, das die aus dem Jahre 1909 stammende Veranda im Garten 1958 durch <strong>Heinz Zippel<\/strong> zum Wohnhaus umgebaut wurde.<\/p>\n<p>Im Jahr 1991 wurde ein G\u00e4steparkplatz angebaut und in den Folgejahren von 1993 bis 1996 wurden weitere notwendige Umbauten und Renovierungen vorgenommen.<br \/>\nF\u00fcr die Sanit\u00e4ranlagen entstand ein Neubau, mit dem 1996 eine Pension eingerichtet wurde. Welche \u00fcber 2 Doppelbettzimmer, 1 Zweibettzimmer und 2 Einzelzimmer mit Dusche, WC und TV verf\u00fcgt.<br \/>\nSomit ist es auch m\u00f6glich, nach einer Feier unsere G\u00e4ste zu <a href=\"http:\/\/gambrinus-mosel.de\/pension\/\">beherbergen<\/a>.<\/p>\n<p>F\u00fcr Feierlichkeiten stehen R\u00e4umlichkeiten f\u00fcr bis zu <strong>50 Personen<\/strong> zur Verf\u00fcgung.<br \/>\nNach einer Wanderung oder einem Spaziergang k\u00f6nnen sich die G\u00e4ste in unserem Biergarten erholen.<\/p>\n<p>Wir sind t\u00e4glich f\u00fcr Sie da (au\u00dfer Mittwoch) und halten ein umfangreiches Getr\u00e4nke &#8211; und Speiseangebot bereit.<\/p>\n<p>Liebe G\u00e4ste f\u00fcr Fragen, W\u00fcnsche und Anregungen haben wir immer Zeit f\u00fcr Sie.<\/p>\n<div class=\"fusion-clearfix\"><\/div><\/div><\/div><div class=\"fusion-one-third fusion-layout-column fusion-column-last fusion-spacing-yes\" style=\"margin-top:0px;margin-bottom:20px;\"><div class=\"fusion-column-wrapper\"><span class=\"fusion-imageframe imageframe-none imageframe-2 hover-type-none bild_alt\"><a href=\"https:\/\/gambrinus-mosel.de\/wp-content\/uploads\/2016\/03\/FullSizeRender-r50.jpg\" class=\"fusion-lightbox\" data-rel=\"iLightbox[a9ae2eb042bf3d985f5]\" data-title=\"FullSizeRender-r50\"> <img decoding=\"async\" src=\"https:\/\/gambrinus-mosel.de\/wp-content\/uploads\/2016\/03\/FullSizeRender-r50.jpg\" alt=\"\" class=\"img-responsive\"\/><\/a><\/span><span class=\"fusion-imageframe imageframe-none imageframe-3 hover-type-none bild_neu\"><a href=\"https:\/\/gambrinus-mosel.de\/wp-content\/uploads\/2016\/03\/gambrinus.jpg\" class=\"fusion-lightbox\" data-rel=\"iLightbox[b2f92b34361e4e5ac18]\" data-title=\"gambrinus\"> <img decoding=\"async\" src=\"https:\/\/gambrinus-mosel.de\/wp-content\/uploads\/2016\/03\/gambrinus.jpg\" alt=\"\" class=\"img-responsive\"\/><\/a><\/span><div class=\"fusion-clearfix\"><\/div><\/div><\/div><div class=\"fusion-clearfix\"><\/div><div class=\"fusion-one-full fusion-layout-column fusion-column-last fusion-spacing-yes\" style=\"margin-top:0px;margin-bottom:20px;\"><div class=\"fusion-column-wrapper\"><p style=\"text-align: center;\">Lassen Sie sich verw\u00f6hnen und einen angenehmen Aufenthalt<br \/>\nw\u00fcnscht Ihre Familie Gr\u00fcneberger<\/p>\n<div class=\"fusion-clearfix\"><\/div><\/div><\/div><div class=\"fusion-clearfix\"><\/div>\n","protected":false},"excerpt":{"rendered":"","protected":false},"author":1,"featured_media":0,"parent":0,"menu_order":1,"comment_status":"closed","ping_status":"closed","template":"","meta":{"footnotes":""},"class_list":["post-5","page","type-page","status-publish","hentry"],"_links":{"self":[{"href":"https:\/\/gambrinus-mosel.de\/index.php?rest_route=\/wp\/v2\/pages\/5","targetHints":{"allow":["GET"]}}],"collection":[{"href":"https:\/\/gambrinus-mosel.de\/index.php?rest_route=\/wp\/v2\/pages"}],"about":[{"href":"https:\/\/gambrinus-mosel.de\/index.php?rest_route=\/wp\/v2\/types\/page"}],"author":[{"embeddable":true,"href":"https:\/\/gambrinus-mosel.de\/index.php?rest_route=\/wp\/v2\/users\/1"}],"replies":[{"embeddable":true,"href":"https:\/\/gambrinus-mosel.de\/index.php?rest_route=%2Fwp%2Fv2%2Fcomments&post=5"}],"version-history":[{"count":48,"href":"https:\/\/gambrinus-mosel.de\/index.php?rest_route=\/wp\/v2\/pages\/5\/revisions"}],"predecessor-version":[{"id":211,"href":"https:\/\/gambrinus-mosel.de\/index.php?rest_route=\/wp\/v2\/pages\/5\/revisions\/211"}],"wp:attachment":[{"href":"https:\/\/gambrinus-mosel.de\/index.php?rest_route=%2Fwp%2Fv2%2Fmedia&parent=5"}],"curies":[{"name":"wp","href":"https:\/\/api.w.org\/{rel}","templated":true}]}}